{"id":1076,"date":"2024-08-29T11:13:02","date_gmt":"2024-08-29T09:13:02","guid":{"rendered":"https:\/\/personalwolke.at\/?page_id=1076"},"modified":"2025-02-18T17:19:33","modified_gmt":"2025-02-18T16:19:33","slug":"thank-you-consultation","status":"publish","type":"page","link":"https:\/\/personalwolke.at\/en\/danke-beratungsgespraech\/","title":{"rendered":"Consultation-thank you"},"content":{"rendered":"<div data-elementor-type=\"wp-page\" data-elementor-id=\"1076\" class=\"elementor elementor-1076\" data-elementor-settings=\"{&quot;element_pack_global_tooltip_width&quot;:{&quot;unit&quot;:&quot;px&quot;,&quot;size&quot;:&quot;&quot;,&quot;sizes&quot;:[]},&quot;element_pack_global_tooltip_width_tablet&quot;:{&quot;unit&quot;:&quot;px&quot;,&quot;size&quot;:&quot;&quot;,&quot;sizes&quot;:[]},&quot;element_pack_global_tooltip_width_mobile&quot;:{&quot;unit&quot;:&quot;px&quot;,&quot;size&quot;:&quot;&quot;,&quot;sizes&quot;:[]},&quot;element_pack_global_tooltip_padding&quot;:{&quot;unit&quot;:&quot;px&quot;,&quot;top&quot;:&quot;&quot;,&quot;right&quot;:&quot;&quot;,&quot;bottom&quot;:&quot;&quot;,&quot;left&quot;:&quot;&quot;,&quot;isLinked&quot;:true},&quot;element_pack_global_tooltip_padding_tablet&quot;:{&quot;unit&quot;:&quot;px&quot;,&quot;top&quot;:&quot;&quot;,&quot;right&quot;:&quot;&quot;,&quot;bottom&quot;:&quot;&quot;,&quot;left&quot;:&quot;&quot;,&quot;isLinked&quot;:true},&quot;element_pack_global_tooltip_padding_mobile&quot;:{&quot;unit&quot;:&quot;px&quot;,&quot;top&quot;:&quot;&quot;,&quot;right&quot;:&quot;&quot;,&quot;bottom&quot;:&quot;&quot;,&quot;left&quot;:&quot;&quot;,&quot;isLinked&quot;:true},&quot;element_pack_global_tooltip_border_radius&quot;:{&quot;unit&quot;:&quot;px&quot;,&quot;top&quot;:&quot;&quot;,&quot;right&quot;:&quot;&quot;,&quot;bottom&quot;:&quot;&quot;,&quot;left&quot;:&quot;&quot;,&quot;isLinked&quot;:true},&quot;element_pack_global_tooltip_border_radius_tablet&quot;:{&quot;unit&quot;:&quot;px&quot;,&quot;top&quot;:&quot;&quot;,&quot;right&quot;:&quot;&quot;,&quot;bottom&quot;:&quot;&quot;,&quot;left&quot;:&quot;&quot;,&quot;isLinked&quot;:true},&quot;element_pack_global_tooltip_border_radius_mobile&quot;:{&quot;unit&quot;:&quot;px&quot;,&quot;top&quot;:&quot;&quot;,&quot;right&quot;:&quot;&quot;,&quot;bottom&quot;:&quot;&quot;,&quot;left&quot;:&quot;&quot;,&quot;isLinked&quot;:true}}\">\n\t\t\t\t\t\t<div class=\"elementor-section elementor-top-section elementor-element elementor-element-4353fa7 elementor-section-boxed elementor-section-height-default elementor-section-height-default\" data-id=\"4353fa7\" data-element_type=\"section\" data-e-type=\"section\">\n\t\t\t\t\t\t<div class=\"elementor-container elementor-column-gap-default\">\n\t\t\t\t\t<div class=\"elementor-column elementor-col-100 elementor-top-column elementor-element elementor-element-ba310a7 elementor-hidden-desktop elementor-hidden-tablet elementor-hidden-mobile\" data-id=\"ba310a7\" data-element_type=\"column\" data-e-type=\"column\">\n\t\t\t<div class=\"elementor-widget-wrap elementor-element-populated\">\n\t\t\t\t\t\t<div class=\"elementor-section elementor-inner-section elementor-element elementor-element-a8e36ca elementor-section-boxed elementor-section-height-default elementor-section-height-default\" data-id=\"a8e36ca\" data-element_type=\"section\" data-e-type=\"section\">\n\t\t\t\t\t\t<div class=\"elementor-container elementor-column-gap-no\">\n\t\t\t\t\t<div class=\"elementor-column elementor-col-100 elementor-inner-column elementor-element elementor-element-2aa9667\" data-id=\"2aa9667\" data-element_type=\"column\" data-e-type=\"column\">\n\t\t\t<div class=\"elementor-widget-wrap elementor-element-populated\">\n\t\t\t\t\t\t<div class=\"elementor-element elementor-element-7e5331f elementor-invisible elementor-widget elementor-widget-heading\" data-id=\"7e5331f\" data-element_type=\"widget\" data-e-type=\"widget\" data-settings=\"{&quot;_animation&quot;:&quot;fadeInUp&quot;,&quot;_animation_delay&quot;:&quot;160&quot;}\" data-widget_type=\"heading.default\">\n\t\t\t\t<div class=\"elementor-widget-container\">\n\t\t\t\t\t<h1 class=\"elementor-heading-title elementor-size-default\">Get to know us<\/h1>\t\t\t\t<\/div>\n\t\t\t\t<\/div>\n\t\t\t\t<div class=\"elementor-element elementor-element-05d812a elementor-widget__width-initial elementor-invisible elementor-widget elementor-widget-text-editor\" data-id=\"05d812a\" data-element_type=\"widget\" data-e-type=\"widget\" data-settings=\"{&quot;_animation&quot;:&quot;fadeInUp&quot;,&quot;_animation_delay&quot;:&quot;220&quot;}\" data-widget_type=\"text-editor.default\">\n\t\t\t\t<div class=\"elementor-widget-container\">\n\t\t\t\t\t\t\t\t\t<p>Book your individual, non-binding consultation now!<\/p>\t\t\t\t\t\t\t\t<\/div>\n\t\t\t\t<\/div>\n\t\t\t\t\t<\/div>\n\t\t<\/div>\n\t\t\t\t\t<\/div>\n\t\t<\/div>\n\t\t\t\t<div class=\"elementor-element elementor-element-05537a3 elementor-invisible elementor-widget elementor-widget-image\" data-id=\"05537a3\" data-element_type=\"widget\" data-e-type=\"widget\" data-settings=\"{&quot;_animation&quot;:&quot;fadeInUp&quot;,&quot;_animation_delay&quot;:&quot;280&quot;}\" data-widget_type=\"image.default\">\n\t\t\t\t<div class=\"elementor-widget-container\">\n\t\t\t\t\t\t\t\t\t\t\t\t\t\t\t<img fetchpriority=\"high\" decoding=\"async\" width=\"1920\" height=\"1080\" src=\"https:\/\/personalwolke.at\/wp-content\/uploads\/2024\/08\/Header_PersonalwolkeWebsite.png\" class=\"attachment-full size-full wp-image-825\" alt=\"\" srcset=\"https:\/\/personalwolke.at\/wp-content\/uploads\/2024\/08\/Header_PersonalwolkeWebsite.png 1920w, https:\/\/personalwolke.at\/wp-content\/uploads\/2024\/08\/Header_PersonalwolkeWebsite-300x169.png 300w, https:\/\/personalwolke.at\/wp-content\/uploads\/2024\/08\/Header_PersonalwolkeWebsite-1024x576.png 1024w, https:\/\/personalwolke.at\/wp-content\/uploads\/2024\/08\/Header_PersonalwolkeWebsite-768x432.png 768w, https:\/\/personalwolke.at\/wp-content\/uploads\/2024\/08\/Header_PersonalwolkeWebsite-1536x864.png 1536w, https:\/\/personalwolke.at\/wp-content\/uploads\/2024\/08\/Header_PersonalwolkeWebsite-650x366.png 650w\" sizes=\"(max-width: 1920px) 100vw, 1920px\" \/>\t\t\t\t\t\t\t\t\t\t\t\t\t\t\t<\/div>\n\t\t\t\t<\/div>\n\t\t\t\t\t<\/div>\n\t\t<\/div>\n\t\t\t\t\t<\/div>\n\t\t<\/div>\n\t\t<div class=\"elementor-element elementor-element-eae762b e-flex e-con-boxed e-con e-parent\" data-id=\"eae762b\" data-element_type=\"container\" data-e-type=\"container\">\n\t\t\t\t\t<div class=\"e-con-inner\">\n\t\t\t\t<div class=\"elementor-element elementor-element-dbab179 elementor-widget elementor-widget-heading\" data-id=\"dbab179\" data-element_type=\"widget\" data-e-type=\"widget\" data-widget_type=\"heading.default\">\n\t\t\t\t<div class=\"elementor-widget-container\">\n\t\t\t\t\t<h2 class=\"elementor-heading-title elementor-size-default\">Thank you for your booking!<\/h2>\t\t\t\t<\/div>\n\t\t\t\t<\/div>\n\t\t\t\t\t<\/div>\n\t\t\t\t<\/div>\n\t\t<div class=\"elementor-element elementor-element-0064945 e-flex e-con-boxed e-con e-parent\" data-id=\"0064945\" data-element_type=\"container\" data-e-type=\"container\">\n\t\t\t\t\t<div class=\"e-con-inner\">\n\t\t\t\t<div class=\"elementor-element elementor-element-b136d5b elementor-widget elementor-widget-text-editor\" data-id=\"b136d5b\" data-element_type=\"widget\" data-e-type=\"widget\" data-widget_type=\"text-editor.default\">\n\t\t\t\t<div class=\"elementor-widget-container\">\n\t\t\t\t\t\t\t\t\t<p>We look forward to talking to you. You will find an appointment confirmation in your mailbox.<\/p>\t\t\t\t\t\t\t\t<\/div>\n\t\t\t\t<\/div>\n\t\t\t\t\t<\/div>\n\t\t\t\t<\/div>\n\t\t<div class=\"elementor-element elementor-element-540ac9a e-flex e-con-boxed e-con e-parent\" data-id=\"540ac9a\" data-element_type=\"container\" data-e-type=\"container\">\n\t\t\t\t\t<div class=\"e-con-inner\">\n\t\t\t\t<div class=\"elementor-element elementor-element-2bfeebd elementor-widget elementor-widget-image\" data-id=\"2bfeebd\" data-element_type=\"widget\" data-e-type=\"widget\" data-widget_type=\"image.default\">\n\t\t\t\t<div class=\"elementor-widget-container\">\n\t\t\t\t\t\t\t\t\t\t\t\t\t\t\t<img decoding=\"async\" width=\"1000\" height=\"563\" src=\"https:\/\/personalwolke.at\/wp-content\/uploads\/2024\/08\/Header_PersonalwolkeWebsite-1024x576.png\" class=\"attachment-large size-large wp-image-825\" alt=\"\" srcset=\"https:\/\/personalwolke.at\/wp-content\/uploads\/2024\/08\/Header_PersonalwolkeWebsite-1024x576.png 1024w, https:\/\/personalwolke.at\/wp-content\/uploads\/2024\/08\/Header_PersonalwolkeWebsite-300x169.png 300w, https:\/\/personalwolke.at\/wp-content\/uploads\/2024\/08\/Header_PersonalwolkeWebsite-768x432.png 768w, https:\/\/personalwolke.at\/wp-content\/uploads\/2024\/08\/Header_PersonalwolkeWebsite-1536x864.png 1536w, https:\/\/personalwolke.at\/wp-content\/uploads\/2024\/08\/Header_PersonalwolkeWebsite-650x366.png 650w, https:\/\/personalwolke.at\/wp-content\/uploads\/2024\/08\/Header_PersonalwolkeWebsite.png 1920w\" sizes=\"(max-width: 1000px) 100vw, 1000px\" \/>\t\t\t\t\t\t\t\t\t\t\t\t\t\t\t<\/div>\n\t\t\t\t<\/div>\n\t\t\t\t\t<\/div>\n\t\t\t\t<\/div>\n\t\t\t\t<\/div>","protected":false},"excerpt":{"rendered":"<p>Lernen Sie uns kennen Ihr individuelles, unverbindliches Beratungsgespr\u00e4ch jetzt buchen! Danke f\u00fcr Ihre Buchung! Wir freuen uns auf das Gespr\u00e4ch mit Ihnen. [&hellip;]<\/p>\n","protected":false},"author":8,"featured_media":0,"parent":0,"menu_order":0,"comment_status":"closed","ping_status":"closed","template":"","meta":{"content-type":"","inline_featured_image":false,"footnotes":""},"class_list":["post-1076","page","type-page","status-publish","hentry"],"yoast_head":"<!-- This site is optimized with the Yoast SEO plugin v27.1.1 - https:\/\/yoast.com\/product\/yoast-seo-wordpress\/ -->\n<title>Beratungsgespr\u00e4ch-danke - Personalwolke<\/title>\n<meta name=\"robots\" content=\"index, follow, max-snippet:-1, max-image-preview:large, max-video-preview:-1\" \/>\n<link rel=\"canonical\" href=\"https:\/\/personalwolke.at\/en\/thank-you-consultation\/\" \/>\n<meta property=\"og:locale\" content=\"en_US\" \/>\n<meta property=\"og:type\" content=\"article\" \/>\n<meta property=\"og:title\" content=\"Beratungsgespr\u00e4ch-danke - Personalwolke\" \/>\n<meta property=\"og:description\" content=\"Lernen Sie uns kennen Ihr individuelles, unverbindliches Beratungsgespr\u00e4ch jetzt buchen! Danke f\u00fcr Ihre Buchung! Wir freuen uns auf das Gespr\u00e4ch mit Ihnen. [&hellip;]\" \/>\n<meta property=\"og:url\" content=\"https:\/\/personalwolke.at\/en\/thank-you-consultation\/\" \/>\n<meta property=\"og:site_name\" content=\"Personalwolke\" \/>\n<meta property=\"article:modified_time\" content=\"2025-02-18T16:19:33+00:00\" \/>\n<meta property=\"og:image\" content=\"https:\/\/personalwolke.at\/wp-content\/uploads\/2024\/08\/Header_PersonalwolkeWebsite.png\" \/>\n<meta name=\"twitter:card\" content=\"summary_large_image\" \/>\n<script type=\"application\/ld+json\" class=\"yoast-schema-graph\">{\"@context\":\"https:\/\/schema.org\",\"@graph\":[{\"@type\":\"WebPage\",\"@id\":\"https:\/\/personalwolke.at\/danke-beratungsgespraech\/\",\"url\":\"https:\/\/personalwolke.at\/danke-beratungsgespraech\/\",\"name\":\"Beratungsgespr\u00e4ch-danke - Personalwolke\",\"isPartOf\":{\"@id\":\"https:\/\/personalwolke.at\/#website\"},\"primaryImageOfPage\":{\"@id\":\"https:\/\/personalwolke.at\/danke-beratungsgespraech\/#primaryimage\"},\"image\":{\"@id\":\"https:\/\/personalwolke.at\/danke-beratungsgespraech\/#primaryimage\"},\"thumbnailUrl\":\"https:\/\/personalwolke.at\/wp-content\/uploads\/2024\/08\/Header_PersonalwolkeWebsite.png\",\"datePublished\":\"2024-08-29T09:13:02+00:00\",\"dateModified\":\"2025-02-18T16:19:33+00:00\",\"breadcrumb\":{\"@id\":\"https:\/\/personalwolke.at\/danke-beratungsgespraech\/#breadcrumb\"},\"inLanguage\":\"en-US\",\"potentialAction\":[{\"@type\":\"ReadAction\",\"target\":[\"https:\/\/personalwolke.at\/danke-beratungsgespraech\/\"]}]},{\"@type\":\"ImageObject\",\"inLanguage\":\"en-US\",\"@id\":\"https:\/\/personalwolke.at\/danke-beratungsgespraech\/#primaryimage\",\"url\":\"https:\/\/personalwolke.at\/wp-content\/uploads\/2024\/08\/Header_PersonalwolkeWebsite.png\",\"contentUrl\":\"https:\/\/personalwolke.at\/wp-content\/uploads\/2024\/08\/Header_PersonalwolkeWebsite.png\"},{\"@type\":\"BreadcrumbList\",\"@id\":\"https:\/\/personalwolke.at\/danke-beratungsgespraech\/#breadcrumb\",\"itemListElement\":[{\"@type\":\"ListItem\",\"position\":1,\"name\":\"Startseite\",\"item\":\"https:\/\/personalwolke.at\/\"},{\"@type\":\"ListItem\",\"position\":2,\"name\":\"Beratungsgespr\u00e4ch-danke\"}]},{\"@type\":\"WebSite\",\"@id\":\"https:\/\/personalwolke.at\/#website\",\"url\":\"https:\/\/personalwolke.at\/\",\"name\":\"Personalwolke\",\"description\":\"\",\"potentialAction\":[{\"@type\":\"SearchAction\",\"target\":{\"@type\":\"EntryPoint\",\"urlTemplate\":\"https:\/\/personalwolke.at\/?s={search_term_string}\"},\"query-input\":{\"@type\":\"PropertyValueSpecification\",\"valueRequired\":true,\"valueName\":\"search_term_string\"}}],\"inLanguage\":\"en-US\"}]}<\/script>\n<!-- \/ Yoast SEO plugin. -->","yoast_head_json":{"title":"Consultation-thanks - Personalwolke","robots":{"index":"index","follow":"follow","max-snippet":"max-snippet:-1","max-image-preview":"max-image-preview:large","max-video-preview":"max-video-preview:-1"},"canonical":"https:\/\/personalwolke.at\/en\/thank-you-consultation\/","og_locale":"en_US","og_type":"article","og_title":"Beratungsgespr\u00e4ch-danke - Personalwolke","og_description":"Lernen Sie uns kennen Ihr individuelles, unverbindliches Beratungsgespr\u00e4ch jetzt buchen! Danke f\u00fcr Ihre Buchung! Wir freuen uns auf das Gespr\u00e4ch mit Ihnen. [&hellip;]","og_url":"https:\/\/personalwolke.at\/en\/thank-you-consultation\/","og_site_name":"Personalwolke","article_modified_time":"2025-02-18T16:19:33+00:00","og_image":[{"url":"https:\/\/personalwolke.at\/wp-content\/uploads\/2024\/08\/Header_PersonalwolkeWebsite.png","type":"","width":"","height":""}],"twitter_card":"summary_large_image","schema":{"@context":"https:\/\/schema.org","@graph":[{"@type":"WebPage","@id":"https:\/\/personalwolke.at\/danke-beratungsgespraech\/","url":"https:\/\/personalwolke.at\/danke-beratungsgespraech\/","name":"Consultation-thanks - Personalwolke","isPartOf":{"@id":"https:\/\/personalwolke.at\/#website"},"primaryImageOfPage":{"@id":"https:\/\/personalwolke.at\/danke-beratungsgespraech\/#primaryimage"},"image":{"@id":"https:\/\/personalwolke.at\/danke-beratungsgespraech\/#primaryimage"},"thumbnailUrl":"https:\/\/personalwolke.at\/wp-content\/uploads\/2024\/08\/Header_PersonalwolkeWebsite.png","datePublished":"2024-08-29T09:13:02+00:00","dateModified":"2025-02-18T16:19:33+00:00","breadcrumb":{"@id":"https:\/\/personalwolke.at\/danke-beratungsgespraech\/#breadcrumb"},"inLanguage":"en-US","potentialAction":[{"@type":"ReadAction","target":["https:\/\/personalwolke.at\/danke-beratungsgespraech\/"]}]},{"@type":"ImageObject","inLanguage":"en-US","@id":"https:\/\/personalwolke.at\/danke-beratungsgespraech\/#primaryimage","url":"https:\/\/personalwolke.at\/wp-content\/uploads\/2024\/08\/Header_PersonalwolkeWebsite.png","contentUrl":"https:\/\/personalwolke.at\/wp-content\/uploads\/2024\/08\/Header_PersonalwolkeWebsite.png"},{"@type":"BreadcrumbList","@id":"https:\/\/personalwolke.at\/danke-beratungsgespraech\/#breadcrumb","itemListElement":[{"@type":"ListItem","position":1,"name":"Startseite","item":"https:\/\/personalwolke.at\/"},{"@type":"ListItem","position":2,"name":"Beratungsgespr\u00e4ch-danke"}]},{"@type":"WebSite","@id":"https:\/\/personalwolke.at\/#website","url":"https:\/\/personalwolke.at\/","name":"Personalwolke","description":"","potentialAction":[{"@type":"SearchAction","target":{"@type":"EntryPoint","urlTemplate":"https:\/\/personalwolke.at\/?s={search_term_string}"},"query-input":{"@type":"PropertyValueSpecification","valueRequired":true,"valueName":"search_term_string"}}],"inLanguage":"en-US"}]}},"_links":{"self":[{"href":"https:\/\/personalwolke.at\/en\/wp-json\/wp\/v2\/pages\/1076","targetHints":{"allow":["GET"]}}],"collection":[{"href":"https:\/\/personalwolke.at\/en\/wp-json\/wp\/v2\/pages"}],"about":[{"href":"https:\/\/personalwolke.at\/en\/wp-json\/wp\/v2\/types\/page"}],"author":[{"embeddable":true,"href":"https:\/\/personalwolke.at\/en\/wp-json\/wp\/v2\/users\/8"}],"replies":[{"embeddable":true,"href":"https:\/\/personalwolke.at\/en\/wp-json\/wp\/v2\/comments?post=1076"}],"version-history":[{"count":5,"href":"https:\/\/personalwolke.at\/en\/wp-json\/wp\/v2\/pages\/1076\/revisions"}],"predecessor-version":[{"id":25982798,"href":"https:\/\/personalwolke.at\/en\/wp-json\/wp\/v2\/pages\/1076\/revisions\/25982798"}],"wp:attachment":[{"href":"https:\/\/personalwolke.at\/en\/wp-json\/wp\/v2\/media?parent=1076"}],"curies":[{"name":"wp","href":"https:\/\/api.w.org\/{rel}","templated":true}]}}