{"id":25983504,"date":"2025-06-12T08:32:57","date_gmt":"2025-06-12T06:32:57","guid":{"rendered":"https:\/\/personalwolke.at\/?page_id=25983504"},"modified":"2025-06-24T12:20:08","modified_gmt":"2025-06-24T10:20:08","slug":"gehaltsabrechnung-schnittstellen","status":"publish","type":"page","link":"https:\/\/personalwolke.at\/en\/gehaltsabrechnung-schnittstellen\/","title":{"rendered":"Gehaltsabrechnung &#038; Schnittstellen"},"content":{"rendered":"<div data-elementor-type=\"wp-page\" data-elementor-id=\"25983504\" class=\"elementor elementor-25983504\" data-elementor-settings=\"{&quot;element_pack_global_tooltip_width&quot;:{&quot;unit&quot;:&quot;px&quot;,&quot;size&quot;:&quot;&quot;,&quot;sizes&quot;:[]},&quot;element_pack_global_tooltip_width_tablet&quot;:{&quot;unit&quot;:&quot;px&quot;,&quot;size&quot;:&quot;&quot;,&quot;sizes&quot;:[]},&quot;element_pack_global_tooltip_width_mobile&quot;:{&quot;unit&quot;:&quot;px&quot;,&quot;size&quot;:&quot;&quot;,&quot;sizes&quot;:[]},&quot;element_pack_global_tooltip_padding&quot;:{&quot;unit&quot;:&quot;px&quot;,&quot;top&quot;:&quot;&quot;,&quot;right&quot;:&quot;&quot;,&quot;bottom&quot;:&quot;&quot;,&quot;left&quot;:&quot;&quot;,&quot;isLinked&quot;:true},&quot;element_pack_global_tooltip_padding_tablet&quot;:{&quot;unit&quot;:&quot;px&quot;,&quot;top&quot;:&quot;&quot;,&quot;right&quot;:&quot;&quot;,&quot;bottom&quot;:&quot;&quot;,&quot;left&quot;:&quot;&quot;,&quot;isLinked&quot;:true},&quot;element_pack_global_tooltip_padding_mobile&quot;:{&quot;unit&quot;:&quot;px&quot;,&quot;top&quot;:&quot;&quot;,&quot;right&quot;:&quot;&quot;,&quot;bottom&quot;:&quot;&quot;,&quot;left&quot;:&quot;&quot;,&quot;isLinked&quot;:true},&quot;element_pack_global_tooltip_border_radius&quot;:{&quot;unit&quot;:&quot;px&quot;,&quot;top&quot;:&quot;&quot;,&quot;right&quot;:&quot;&quot;,&quot;bottom&quot;:&quot;&quot;,&quot;left&quot;:&quot;&quot;,&quot;isLinked&quot;:true},&quot;element_pack_global_tooltip_border_radius_tablet&quot;:{&quot;unit&quot;:&quot;px&quot;,&quot;top&quot;:&quot;&quot;,&quot;right&quot;:&quot;&quot;,&quot;bottom&quot;:&quot;&quot;,&quot;left&quot;:&quot;&quot;,&quot;isLinked&quot;:true},&quot;element_pack_global_tooltip_border_radius_mobile&quot;:{&quot;unit&quot;:&quot;px&quot;,&quot;top&quot;:&quot;&quot;,&quot;right&quot;:&quot;&quot;,&quot;bottom&quot;:&quot;&quot;,&quot;left&quot;:&quot;&quot;,&quot;isLinked&quot;:true}}\">\n\t\t\t\t\t\t<section class=\"elementor-section elementor-top-section elementor-element elementor-element-74981372 elementor-reverse-tablet elementor-reverse-mobile elementor-section-boxed elementor-section-height-default elementor-section-height-default\" data-id=\"74981372\" data-element_type=\"section\" data-e-type=\"section\" data-settings=\"{&quot;background_background&quot;:&quot;classic&quot;}\">\n\t\t\t\t\t\t<div class=\"elementor-container elementor-column-gap-default\">\n\t\t\t\t\t<div class=\"elementor-column elementor-col-50 elementor-top-column elementor-element elementor-element-60a3b3f3\" data-id=\"60a3b3f3\" data-element_type=\"column\" data-e-type=\"column\">\n\t\t\t<div class=\"elementor-widget-wrap elementor-element-populated\">\n\t\t\t\t\t\t<div class=\"elementor-element elementor-element-3880dfa4 elementor-widget elementor-widget-heading\" data-id=\"3880dfa4\" data-element_type=\"widget\" data-e-type=\"widget\" data-widget_type=\"heading.default\">\n\t\t\t\t<div class=\"elementor-widget-container\">\n\t\t\t\t\t<h2 class=\"elementor-heading-title elementor-size-default\">Gehaltsabrechnung und Schnittstellen<\/h2>\t\t\t\t<\/div>\n\t\t\t\t<\/div>\n\t\t\t\t<div class=\"elementor-element elementor-element-42558957 elementor-widget elementor-widget-text-editor\" data-id=\"42558957\" data-element_type=\"widget\" data-e-type=\"widget\" data-widget_type=\"text-editor.default\">\n\t\t\t\t<div class=\"elementor-widget-container\">\n\t\t\t\t\t\t\t\t\t<p data-start=\"76\" data-end=\"459\">With the <strong data-start=\"84\" data-end=\"114\">Personalwolke Gehaltsmodul<\/strong> k\u00f6nnen alle relevanten Daten, wie Nichtleistungszeiten, Lohnarten oder Adress\u00e4nderungen, direkt in der Personalwolke erfasst und an die Gehalts- und Lohnabrechnung \u00fcbergeben werden. Nach der Abrechnung besteht die M\u00f6glichkeit, die entsprechenden Nachweise hochzuladen und gezielt an die jeweiligen Mitarbeiterinnen und Mitarbeiter zu verteilen.<\/p>\t\t\t\t\t\t\t\t<\/div>\n\t\t\t\t<\/div>\n\t\t\t\t<div class=\"elementor-element elementor-element-21e2b35c elementor-mobile-align-center elementor-align-center elementor-widget elementor-widget-button\" data-id=\"21e2b35c\" data-element_type=\"widget\" data-e-type=\"widget\" data-widget_type=\"button.default\">\n\t\t\t\t<div class=\"elementor-widget-container\">\n\t\t\t\t\t\t\t\t\t<div class=\"elementor-button-wrapper\">\n\t\t\t\t\t<a class=\"elementor-button elementor-button-link elementor-size-sm\" href=\"https:\/\/personalwolke.at\/en\/consulting\/\" target=\"_blank\">\n\t\t\t\t\t\t<span class=\"elementor-button-content-wrapper\">\n\t\t\t\t\t\t\t\t\t<span class=\"elementor-button-text\">Beratungstermin Vereinbaren<\/span>\n\t\t\t\t\t<\/span>\n\t\t\t\t\t<\/a>\n\t\t\t\t<\/div>\n\t\t\t\t\t\t\t\t<\/div>\n\t\t\t\t<\/div>\n\t\t\t\t\t<\/div>\n\t\t<\/div>\n\t\t\t\t<div class=\"elementor-column elementor-col-50 elementor-top-column elementor-element elementor-element-7a7f2b7d\" data-id=\"7a7f2b7d\" data-element_type=\"column\" data-e-type=\"column\">\n\t\t\t<div class=\"elementor-widget-wrap elementor-element-populated\">\n\t\t\t\t\t\t<div class=\"elementor-element elementor-element-3813f6c0 elementor-widget elementor-widget-image\" data-id=\"3813f6c0\" data-element_type=\"widget\" data-e-type=\"widget\" data-widget_type=\"image.default\">\n\t\t\t\t<div class=\"elementor-widget-container\">\n\t\t\t\t\t\t\t\t\t\t\t\t\t\t\t<img fetchpriority=\"high\" decoding=\"async\" width=\"1311\" height=\"930\" src=\"https:\/\/personalwolke.at\/wp-content\/uploads\/2025\/06\/1-1.jpg\" class=\"attachment-full size-full wp-image-25983505\" alt=\"Gehaltsmodul\" srcset=\"https:\/\/personalwolke.at\/wp-content\/uploads\/2025\/06\/1-1.jpg 1311w, https:\/\/personalwolke.at\/wp-content\/uploads\/2025\/06\/1-1-300x213.jpg 300w, https:\/\/personalwolke.at\/wp-content\/uploads\/2025\/06\/1-1-1024x726.jpg 1024w, https:\/\/personalwolke.at\/wp-content\/uploads\/2025\/06\/1-1-768x545.jpg 768w, https:\/\/personalwolke.at\/wp-content\/uploads\/2025\/06\/1-1-18x12.jpg 18w, https:\/\/personalwolke.at\/wp-content\/uploads\/2025\/06\/1-1-650x461.jpg 650w\" sizes=\"(max-width: 1311px) 100vw, 1311px\" \/>\t\t\t\t\t\t\t\t\t\t\t\t\t\t\t<\/div>\n\t\t\t\t<\/div>\n\t\t\t\t\t<\/div>\n\t\t<\/div>\n\t\t\t\t\t<\/div>\n\t\t<\/section>\n\t\t\t\t<section class=\"elementor-section elementor-top-section elementor-element elementor-element-d9b91eb elementor-section-boxed elementor-section-height-default elementor-section-height-default\" data-id=\"d9b91eb\" data-element_type=\"section\" data-e-type=\"section\" data-settings=\"{&quot;background_background&quot;:&quot;classic&quot;}\">\n\t\t\t\t\t\t<div class=\"elementor-container elementor-column-gap-default\">\n\t\t\t\t\t<div class=\"elementor-column elementor-col-50 elementor-top-column elementor-element elementor-element-1b7d6c8\" data-id=\"1b7d6c8\" data-element_type=\"column\" data-e-type=\"column\">\n\t\t\t<div class=\"elementor-widget-wrap elementor-element-populated\">\n\t\t\t\t\t\t<div class=\"elementor-element elementor-element-0b4fe99 elementor-widget elementor-widget-image\" data-id=\"0b4fe99\" data-element_type=\"widget\" data-e-type=\"widget\" data-widget_type=\"image.default\">\n\t\t\t\t<div class=\"elementor-widget-container\">\n\t\t\t\t\t\t\t\t\t\t\t\t\t\t\t<img decoding=\"async\" width=\"1311\" height=\"930\" src=\"https:\/\/personalwolke.at\/wp-content\/uploads\/2025\/06\/2-1.jpg\" class=\"attachment-full size-full wp-image-25983506\" alt=\"Gehaltsnachweis Upload\" srcset=\"https:\/\/personalwolke.at\/wp-content\/uploads\/2025\/06\/2-1.jpg 1311w, https:\/\/personalwolke.at\/wp-content\/uploads\/2025\/06\/2-1-300x213.jpg 300w, https:\/\/personalwolke.at\/wp-content\/uploads\/2025\/06\/2-1-1024x726.jpg 1024w, https:\/\/personalwolke.at\/wp-content\/uploads\/2025\/06\/2-1-768x545.jpg 768w, https:\/\/personalwolke.at\/wp-content\/uploads\/2025\/06\/2-1-18x12.jpg 18w, https:\/\/personalwolke.at\/wp-content\/uploads\/2025\/06\/2-1-650x461.jpg 650w\" sizes=\"(max-width: 1311px) 100vw, 1311px\" \/>\t\t\t\t\t\t\t\t\t\t\t\t\t\t\t<\/div>\n\t\t\t\t<\/div>\n\t\t\t\t\t<\/div>\n\t\t<\/div>\n\t\t\t\t<div class=\"elementor-column elementor-col-50 elementor-top-column elementor-element elementor-element-8b15473\" data-id=\"8b15473\" data-element_type=\"column\" data-e-type=\"column\">\n\t\t\t<div class=\"elementor-widget-wrap elementor-element-populated\">\n\t\t\t\t\t\t<div class=\"elementor-element elementor-element-8091dc0 elementor-widget elementor-widget-heading\" data-id=\"8091dc0\" data-element_type=\"widget\" data-e-type=\"widget\" data-widget_type=\"heading.default\">\n\t\t\t\t<div class=\"elementor-widget-container\">\n\t\t\t\t\t<h2 class=\"elementor-heading-title elementor-size-default\">Key Features<\/h2>\t\t\t\t<\/div>\n\t\t\t\t<\/div>\n\t\t\t\t<div class=\"elementor-element elementor-element-5d16a8a elementor-widget elementor-widget-text-editor\" data-id=\"5d16a8a\" data-element_type=\"widget\" data-e-type=\"widget\" data-widget_type=\"text-editor.default\">\n\t\t\t\t<div class=\"elementor-widget-container\">\n\t\t\t\t\t\t\t\t\t<ul><li data-start=\"151\" data-end=\"367\"><p data-start=\"153\" data-end=\"367\"><strong data-start=\"153\" data-end=\"177\">Anpassbarer Workflow<\/strong><br data-start=\"217\" data-end=\"220\" \/>Die \u00dcbermittlung s\u00e4mtlicher abrechnungsrelevanter Informationen erfolgt strukturiert und kann flexibel an individuelle Prozesse angepasst werden.<\/p><\/li><li data-start=\"369\" data-end=\"613\"><p data-start=\"371\" data-end=\"613\"><strong data-start=\"371\" data-end=\"413\">\u00dcbersichtliche Darstellung aller Daten<\/strong><br data-start=\"451\" data-end=\"454\" \/>Alle relevanten Daten sind zentral und klar aufbereitet, sodass sowohl Administratoren als auch Lohnabrechner jederzeit den vollst\u00e4ndigen \u00dcberblick behalten.<\/p><\/li><li data-start=\"615\" data-end=\"812\"><p data-start=\"617\" data-end=\"812\"><strong data-start=\"617\" data-end=\"673\">Automatische Erstellung aller Schnittstellen-Dateien<\/strong><br data-start=\"673\" data-end=\"676\" \/>Schnittstellen-Files werden systemseitig erstellt und erm\u00f6glichen eine nahtlose Weiterverarbeitung der Daten in angebundenen Systemen.<\/p><\/li><li data-start=\"814\" data-end=\"1000\"><p data-start=\"816\" data-end=\"1000\"><strong data-start=\"816\" data-end=\"849\">\u00c4nderungsliste der Stammdaten<\/strong><br data-start=\"849\" data-end=\"852\" \/>\u00c4nderungen wie Adress-, Konto- oder Gehaltsanpassungen werden automatisch dokumentiert und stehen als \u00fcbersichtliche \u00c4nderungsliste zur Verf\u00fcgung.<\/p><\/li><li data-start=\"1002\" data-end=\"1208\"><p data-start=\"1004\" data-end=\"1208\"><strong data-start=\"1004\" data-end=\"1060\">Upload und Verteilung der Gehalts- und Lohnnachweise<\/strong><br data-start=\"1060\" data-end=\"1063\" \/>Nach Abschluss der Abrechnung k\u00f6nnen Gehalts- und Lohnnachweise direkt im System hochgeladen und gezielt an die Mitarbeitenden verteilt werden.<\/p><\/li><\/ul>\t\t\t\t\t\t\t\t<\/div>\n\t\t\t\t<\/div>\n\t\t\t\t\t<\/div>\n\t\t<\/div>\n\t\t\t\t\t<\/div>\n\t\t<\/section>\n\t\t\t\t<div class=\"elementor-section elementor-top-section elementor-element elementor-element-7b27b1d8 elementor-section-content-middle elementor-section-boxed elementor-section-height-default elementor-section-height-default\" data-id=\"7b27b1d8\" data-element_type=\"section\" data-e-type=\"section\" data-settings=\"{&quot;background_background&quot;:&quot;classic&quot;}\">\n\t\t\t\t\t\t<div class=\"elementor-container elementor-column-gap-no\">\n\t\t\t\t\t<div class=\"elementor-column elementor-col-100 elementor-top-column elementor-element elementor-element-3a36de65\" data-id=\"3a36de65\" data-element_type=\"column\" data-e-type=\"column\">\n\t\t\t<div class=\"elementor-widget-wrap elementor-element-populated\">\n\t\t\t\t\t\t<section class=\"elementor-section elementor-inner-section elementor-element elementor-element-2728c0c9 elementor-reverse-mobile elementor-section-boxed elementor-section-height-default elementor-section-height-default\" data-id=\"2728c0c9\" data-element_type=\"section\" data-e-type=\"section\">\n\t\t\t\t\t\t<div class=\"elementor-container elementor-column-gap-default\">\n\t\t\t\t\t<div class=\"elementor-column elementor-col-50 elementor-inner-column elementor-element elementor-element-8d4d322\" data-id=\"8d4d322\" data-element_type=\"column\" data-e-type=\"column\">\n\t\t\t<div class=\"elementor-widget-wrap elementor-element-populated\">\n\t\t\t\t\t\t<div class=\"elementor-element elementor-element-65fd7082 elementor-widget elementor-widget-shortcode\" data-id=\"65fd7082\" data-element_type=\"widget\" data-e-type=\"widget\" data-widget_type=\"shortcode.default\">\n\t\t\t\t<div class=\"elementor-widget-container\">\n\t\t\t\t\t\t\t<div class=\"elementor-shortcode\"><!-- Start of Meetings Embed Script -->\n<div class=\"meetings-iframe-container\" data-src=\"https:\/\/meetings-eu1.hubspot.com\/gregor-gutzelnig\/personalwolke-kennenlern-termin?embed=true\"><\/div>\n<script type=\"text\/javascript\" src=\"https:\/\/static.hsappstatic.net\/MeetingsEmbed\/ex\/MeetingsEmbedCode.js\"><\/script>\n<!-- End of Meetings Embed Script --><\/div>\n\t\t\t\t\t\t<\/div>\n\t\t\t\t<\/div>\n\t\t\t\t\t<\/div>\n\t\t<\/div>\n\t\t\t\t<div class=\"elementor-column elementor-col-50 elementor-inner-column elementor-element elementor-element-63f5606c\" data-id=\"63f5606c\" data-element_type=\"column\" data-e-type=\"column\">\n\t\t\t<div class=\"elementor-widget-wrap elementor-element-populated\">\n\t\t\t\t\t\t<div class=\"elementor-element elementor-element-55f1969e elementor-widget__width-initial elementor-widget-tablet__width-inherit elementor-widget elementor-widget-image\" data-id=\"55f1969e\" data-element_type=\"widget\" data-e-type=\"widget\" data-settings=\"{&quot;_animation&quot;:&quot;none&quot;,&quot;_animation_delay&quot;:&quot;280&quot;}\" data-widget_type=\"image.default\">\n\t\t\t\t<div class=\"elementor-widget-container\">\n\t\t\t\t\t\t\t\t\t\t\t\t\t\t\t<img decoding=\"async\" width=\"1920\" height=\"1080\" src=\"https:\/\/personalwolke.at\/wp-content\/uploads\/2024\/12\/Header_PersonalwolkeWebsite.webp\" class=\"attachment-full size-full wp-image-25982576\" alt=\"Digital time recording: Labor law requirements in Austria\" srcset=\"https:\/\/personalwolke.at\/wp-content\/uploads\/2024\/12\/Header_PersonalwolkeWebsite.webp 1920w, https:\/\/personalwolke.at\/wp-content\/uploads\/2024\/12\/Header_PersonalwolkeWebsite-300x169.webp 300w, https:\/\/personalwolke.at\/wp-content\/uploads\/2024\/12\/Header_PersonalwolkeWebsite-1024x576.webp 1024w, https:\/\/personalwolke.at\/wp-content\/uploads\/2024\/12\/Header_PersonalwolkeWebsite-768x432.webp 768w, https:\/\/personalwolke.at\/wp-content\/uploads\/2024\/12\/Header_PersonalwolkeWebsite-1536x864.webp 1536w, https:\/\/personalwolke.at\/wp-content\/uploads\/2024\/12\/Header_PersonalwolkeWebsite-650x366.webp 650w\" sizes=\"(max-width: 1920px) 100vw, 1920px\" \/>\t\t\t\t\t\t\t\t\t\t\t\t\t\t\t<\/div>\n\t\t\t\t<\/div>\n\t\t\t\t<div class=\"elementor-element elementor-element-4456240c elementor-widget elementor-widget-heading\" data-id=\"4456240c\" data-element_type=\"widget\" data-e-type=\"widget\" data-widget_type=\"heading.default\">\n\t\t\t\t<div class=\"elementor-widget-container\">\n\t\t\t\t\t<h1 class=\"elementor-heading-title elementor-size-default\">Jetzt pers\u00f6nliche Live-Demo vereinbaren<\/h1>\t\t\t\t<\/div>\n\t\t\t\t<\/div>\n\t\t\t\t<div class=\"elementor-element elementor-element-62716848 elementor-widget__width-initial elementor-widget elementor-widget-text-editor\" data-id=\"62716848\" data-element_type=\"widget\" data-e-type=\"widget\" data-widget_type=\"text-editor.default\">\n\t\t\t\t<div class=\"elementor-widget-container\">\n\t\t\t\t\t\t\t\t\t<p>Erleben Sie die Planungsfunktionen der Personalwolke live in Aktion!<br data-start=\"803\" data-end=\"806\" \/>In einem <strong data-start=\"815\" data-end=\"844\">kostenlosen Online-Termin<\/strong> zeigen wir Ihnen, wie einfach Sie die Planung funktioniert.<\/p><p>With our contact form in calendar format, simply select an appointment on a date that suits you, enter your contact details and you're done!<\/p><div>All further information will then be sent to you by e-mail.<\/div>\t\t\t\t\t\t\t\t<\/div>\n\t\t\t\t<\/div>\n\t\t\t\t\t<\/div>\n\t\t<\/div>\n\t\t\t\t\t<\/div>\n\t\t<\/section>\n\t\t\t\t\t<\/div>\n\t\t<\/div>\n\t\t\t\t\t<\/div>\n\t\t<\/div>\n\t\t\t\t<\/div>","protected":false},"excerpt":{"rendered":"<p>Gehaltsabrechnung und Schnittstellen Mit dem Personalwolke Gehaltsmodul k\u00f6nnen alle relevanten Daten, wie Nichtleistungszeiten, Lohnarten oder Adress\u00e4nderungen, direkt in der Personalwolke erfasst und [&hellip;]<\/p>\n","protected":false},"author":11,"featured_media":0,"parent":0,"menu_order":0,"comment_status":"closed","ping_status":"closed","template":"elementor_canvas","meta":{"content-type":"","inline_featured_image":false,"footnotes":""},"class_list":["post-25983504","page","type-page","status-publish","hentry"],"yoast_head":"<!-- This site is optimized with the Yoast SEO plugin v27.1.1 - https:\/\/yoast.com\/product\/yoast-seo-wordpress\/ -->\n<title>Gehaltsabrechnung &amp; Schnittstellen - Personalwolke<\/title>\n<meta name=\"robots\" content=\"noindex, follow\" \/>\n<meta property=\"og:locale\" content=\"en_US\" \/>\n<meta property=\"og:type\" content=\"article\" \/>\n<meta property=\"og:title\" content=\"Gehaltsabrechnung &amp; Schnittstellen - Personalwolke\" \/>\n<meta property=\"og:description\" content=\"Gehaltsabrechnung und Schnittstellen Mit dem Personalwolke Gehaltsmodul k\u00f6nnen alle relevanten Daten, wie Nichtleistungszeiten, Lohnarten oder Adress\u00e4nderungen, direkt in der Personalwolke erfasst und [&hellip;]\" \/>\n<meta property=\"og:url\" content=\"https:\/\/personalwolke.at\/en\/gehaltsabrechnung-schnittstellen\/\" \/>\n<meta property=\"og:site_name\" content=\"Personalwolke\" \/>\n<meta property=\"article:modified_time\" content=\"2025-06-24T10:20:08+00:00\" \/>\n<meta property=\"og:image\" content=\"https:\/\/personalwolke.at\/wp-content\/uploads\/2025\/06\/1-1.jpg\" \/>\n<meta name=\"twitter:card\" content=\"summary_large_image\" \/>\n<meta name=\"twitter:label1\" content=\"Est. reading time\" \/>\n\t<meta name=\"twitter:data1\" content=\"2 minutes\" \/>\n<script type=\"application\/ld+json\" class=\"yoast-schema-graph\">{\"@context\":\"https:\/\/schema.org\",\"@graph\":[{\"@type\":\"WebPage\",\"@id\":\"https:\/\/personalwolke.at\/gehaltsabrechnung-schnittstellen\/\",\"url\":\"https:\/\/personalwolke.at\/gehaltsabrechnung-schnittstellen\/\",\"name\":\"Gehaltsabrechnung & Schnittstellen - Personalwolke\",\"isPartOf\":{\"@id\":\"https:\/\/personalwolke.at\/#website\"},\"primaryImageOfPage\":{\"@id\":\"https:\/\/personalwolke.at\/gehaltsabrechnung-schnittstellen\/#primaryimage\"},\"image\":{\"@id\":\"https:\/\/personalwolke.at\/gehaltsabrechnung-schnittstellen\/#primaryimage\"},\"thumbnailUrl\":\"https:\/\/personalwolke.at\/wp-content\/uploads\/2025\/06\/1-1.jpg\",\"datePublished\":\"2025-06-12T06:32:57+00:00\",\"dateModified\":\"2025-06-24T10:20:08+00:00\",\"breadcrumb\":{\"@id\":\"https:\/\/personalwolke.at\/gehaltsabrechnung-schnittstellen\/#breadcrumb\"},\"inLanguage\":\"en-US\",\"potentialAction\":[{\"@type\":\"ReadAction\",\"target\":[\"https:\/\/personalwolke.at\/gehaltsabrechnung-schnittstellen\/\"]}]},{\"@type\":\"ImageObject\",\"inLanguage\":\"en-US\",\"@id\":\"https:\/\/personalwolke.at\/gehaltsabrechnung-schnittstellen\/#primaryimage\",\"url\":\"https:\/\/personalwolke.at\/wp-content\/uploads\/2025\/06\/1-1.jpg\",\"contentUrl\":\"https:\/\/personalwolke.at\/wp-content\/uploads\/2025\/06\/1-1.jpg\"},{\"@type\":\"BreadcrumbList\",\"@id\":\"https:\/\/personalwolke.at\/gehaltsabrechnung-schnittstellen\/#breadcrumb\",\"itemListElement\":[{\"@type\":\"ListItem\",\"position\":1,\"name\":\"Startseite\",\"item\":\"https:\/\/personalwolke.at\/\"},{\"@type\":\"ListItem\",\"position\":2,\"name\":\"Gehaltsabrechnung &#038; Schnittstellen\"}]},{\"@type\":\"WebSite\",\"@id\":\"https:\/\/personalwolke.at\/#website\",\"url\":\"https:\/\/personalwolke.at\/\",\"name\":\"Personalwolke\",\"description\":\"\",\"potentialAction\":[{\"@type\":\"SearchAction\",\"target\":{\"@type\":\"EntryPoint\",\"urlTemplate\":\"https:\/\/personalwolke.at\/?s={search_term_string}\"},\"query-input\":{\"@type\":\"PropertyValueSpecification\",\"valueRequired\":true,\"valueName\":\"search_term_string\"}}],\"inLanguage\":\"en-US\"}]}<\/script>\n<!-- \/ Yoast SEO plugin. -->","yoast_head_json":{"title":"Gehaltsabrechnung & Schnittstellen - Personalwolke","robots":{"index":"noindex","follow":"follow"},"og_locale":"en_US","og_type":"article","og_title":"Gehaltsabrechnung & Schnittstellen - Personalwolke","og_description":"Gehaltsabrechnung und Schnittstellen Mit dem Personalwolke Gehaltsmodul k\u00f6nnen alle relevanten Daten, wie Nichtleistungszeiten, Lohnarten oder Adress\u00e4nderungen, direkt in der Personalwolke erfasst und [&hellip;]","og_url":"https:\/\/personalwolke.at\/en\/gehaltsabrechnung-schnittstellen\/","og_site_name":"Personalwolke","article_modified_time":"2025-06-24T10:20:08+00:00","og_image":[{"url":"https:\/\/personalwolke.at\/wp-content\/uploads\/2025\/06\/1-1.jpg","type":"","width":"","height":""}],"twitter_card":"summary_large_image","twitter_misc":{"Est. reading time":"2 minutes"},"schema":{"@context":"https:\/\/schema.org","@graph":[{"@type":"WebPage","@id":"https:\/\/personalwolke.at\/gehaltsabrechnung-schnittstellen\/","url":"https:\/\/personalwolke.at\/gehaltsabrechnung-schnittstellen\/","name":"Gehaltsabrechnung & Schnittstellen - Personalwolke","isPartOf":{"@id":"https:\/\/personalwolke.at\/#website"},"primaryImageOfPage":{"@id":"https:\/\/personalwolke.at\/gehaltsabrechnung-schnittstellen\/#primaryimage"},"image":{"@id":"https:\/\/personalwolke.at\/gehaltsabrechnung-schnittstellen\/#primaryimage"},"thumbnailUrl":"https:\/\/personalwolke.at\/wp-content\/uploads\/2025\/06\/1-1.jpg","datePublished":"2025-06-12T06:32:57+00:00","dateModified":"2025-06-24T10:20:08+00:00","breadcrumb":{"@id":"https:\/\/personalwolke.at\/gehaltsabrechnung-schnittstellen\/#breadcrumb"},"inLanguage":"en-US","potentialAction":[{"@type":"ReadAction","target":["https:\/\/personalwolke.at\/gehaltsabrechnung-schnittstellen\/"]}]},{"@type":"ImageObject","inLanguage":"en-US","@id":"https:\/\/personalwolke.at\/gehaltsabrechnung-schnittstellen\/#primaryimage","url":"https:\/\/personalwolke.at\/wp-content\/uploads\/2025\/06\/1-1.jpg","contentUrl":"https:\/\/personalwolke.at\/wp-content\/uploads\/2025\/06\/1-1.jpg"},{"@type":"BreadcrumbList","@id":"https:\/\/personalwolke.at\/gehaltsabrechnung-schnittstellen\/#breadcrumb","itemListElement":[{"@type":"ListItem","position":1,"name":"Startseite","item":"https:\/\/personalwolke.at\/"},{"@type":"ListItem","position":2,"name":"Gehaltsabrechnung &#038; Schnittstellen"}]},{"@type":"WebSite","@id":"https:\/\/personalwolke.at\/#website","url":"https:\/\/personalwolke.at\/","name":"Personalwolke","description":"","potentialAction":[{"@type":"SearchAction","target":{"@type":"EntryPoint","urlTemplate":"https:\/\/personalwolke.at\/?s={search_term_string}"},"query-input":{"@type":"PropertyValueSpecification","valueRequired":true,"valueName":"search_term_string"}}],"inLanguage":"en-US"}]}},"_links":{"self":[{"href":"https:\/\/personalwolke.at\/en\/wp-json\/wp\/v2\/pages\/25983504","targetHints":{"allow":["GET"]}}],"collection":[{"href":"https:\/\/personalwolke.at\/en\/wp-json\/wp\/v2\/pages"}],"about":[{"href":"https:\/\/personalwolke.at\/en\/wp-json\/wp\/v2\/types\/page"}],"author":[{"embeddable":true,"href":"https:\/\/personalwolke.at\/en\/wp-json\/wp\/v2\/users\/11"}],"replies":[{"embeddable":true,"href":"https:\/\/personalwolke.at\/en\/wp-json\/wp\/v2\/comments?post=25983504"}],"version-history":[{"count":12,"href":"https:\/\/personalwolke.at\/en\/wp-json\/wp\/v2\/pages\/25983504\/revisions"}],"predecessor-version":[{"id":25983531,"href":"https:\/\/personalwolke.at\/en\/wp-json\/wp\/v2\/pages\/25983504\/revisions\/25983531"}],"wp:attachment":[{"href":"https:\/\/personalwolke.at\/en\/wp-json\/wp\/v2\/media?parent=25983504"}],"curies":[{"name":"wp","href":"https:\/\/api.w.org\/{rel}","templated":true}]}}