{"id":52,"date":"2023-05-30T14:34:08","date_gmt":"2023-05-30T12:34:08","guid":{"rendered":"https:\/\/personalwolke.at\/index.php\/book-a-demo\/"},"modified":"2025-07-11T16:55:44","modified_gmt":"2025-07-11T14:55:44","slug":"test","status":"publish","type":"page","link":"https:\/\/personalwolke.at\/en\/testen\/","title":{"rendered":"Test for 30 days"},"content":{"rendered":"<div data-elementor-type=\"wp-page\" data-elementor-id=\"52\" class=\"elementor elementor-52\" data-elementor-settings=\"{&quot;element_pack_global_tooltip_width&quot;:{&quot;unit&quot;:&quot;px&quot;,&quot;size&quot;:&quot;&quot;,&quot;sizes&quot;:[]},&quot;element_pack_global_tooltip_width_tablet&quot;:{&quot;unit&quot;:&quot;px&quot;,&quot;size&quot;:&quot;&quot;,&quot;sizes&quot;:[]},&quot;element_pack_global_tooltip_width_mobile&quot;:{&quot;unit&quot;:&quot;px&quot;,&quot;size&quot;:&quot;&quot;,&quot;sizes&quot;:[]},&quot;element_pack_global_tooltip_padding&quot;:{&quot;unit&quot;:&quot;px&quot;,&quot;top&quot;:&quot;&quot;,&quot;right&quot;:&quot;&quot;,&quot;bottom&quot;:&quot;&quot;,&quot;left&quot;:&quot;&quot;,&quot;isLinked&quot;:true},&quot;element_pack_global_tooltip_padding_tablet&quot;:{&quot;unit&quot;:&quot;px&quot;,&quot;top&quot;:&quot;&quot;,&quot;right&quot;:&quot;&quot;,&quot;bottom&quot;:&quot;&quot;,&quot;left&quot;:&quot;&quot;,&quot;isLinked&quot;:true},&quot;element_pack_global_tooltip_padding_mobile&quot;:{&quot;unit&quot;:&quot;px&quot;,&quot;top&quot;:&quot;&quot;,&quot;right&quot;:&quot;&quot;,&quot;bottom&quot;:&quot;&quot;,&quot;left&quot;:&quot;&quot;,&quot;isLinked&quot;:true},&quot;element_pack_global_tooltip_border_radius&quot;:{&quot;unit&quot;:&quot;px&quot;,&quot;top&quot;:&quot;&quot;,&quot;right&quot;:&quot;&quot;,&quot;bottom&quot;:&quot;&quot;,&quot;left&quot;:&quot;&quot;,&quot;isLinked&quot;:true},&quot;element_pack_global_tooltip_border_radius_tablet&quot;:{&quot;unit&quot;:&quot;px&quot;,&quot;top&quot;:&quot;&quot;,&quot;right&quot;:&quot;&quot;,&quot;bottom&quot;:&quot;&quot;,&quot;left&quot;:&quot;&quot;,&quot;isLinked&quot;:true},&quot;element_pack_global_tooltip_border_radius_mobile&quot;:{&quot;unit&quot;:&quot;px&quot;,&quot;top&quot;:&quot;&quot;,&quot;right&quot;:&quot;&quot;,&quot;bottom&quot;:&quot;&quot;,&quot;left&quot;:&quot;&quot;,&quot;isLinked&quot;:true}}\">\n\t\t\t\t<div class=\"elementor-element elementor-element-799ffb5 e-flex e-con-boxed e-con e-parent\" data-id=\"799ffb5\" data-element_type=\"container\" data-e-type=\"container\" data-settings=\"{&quot;background_background&quot;:&quot;gradient&quot;,&quot;shape_divider_bottom&quot;:&quot;clouds&quot;,&quot;shape_divider_bottom_negative&quot;:&quot;yes&quot;}\">\n\t\t\t\t\t<div class=\"e-con-inner\">\n\t\t\t\t<div class=\"elementor-shape elementor-shape-bottom\" aria-hidden=\"true\" data-negative=\"true\">\n\t\t\t<svg xmlns=\"http:\/\/www.w3.org\/2000\/svg\" viewbox=\"0 0 283.5 27.8\" preserveaspectratio=\"xMidYMax slice\">\n\t<path class=\"elementor-shape-fill\" d=\"M265.8 3.5c-10.9 0-15.9 6.2-15.9 6.2s-3.6-3.5-9.2-.9c-9.1 4.1-4.4 13.4-4.4 13.4s-1.2.2-1.9.9c-.6.7-.5 1.9-.5 1.9s-1-.5-2.3-.2c-1.3.3-1.6 1.4-1.6 1.4s.4-3.4-1.5-5c-3.9-3.4-8.3-.2-8.3-.2s-.6-.7-.9-.9c-.4-.2-1.2-.2-1.2-.2s-4.4-3.6-11.5-2.6-10.4 7.9-10.4 7.9-.5-3.3-3.9-4.9c-4.8-2.4-7.4 0-7.4 0s2.4-4.1-1.9-6.4-6.2 1.2-6.2 1.2-.9-.5-2.1-.5-2.3 1.1-2.3 1.1.1-.7-1.1-1.1c-1.2-.4-2 0-2 0s3.6-6.8-3.5-8.9c-6-1.8-7.9 2.6-8.4 4-.1-.3-.4-.7-.9-1.1-1-.7-1.3-.5-1.3-.5s1-4-1.7-5.2c-2.7-1.2-4.2 1.1-4.2 1.1s-3.1-1-5.7 1.4-2.1 5.5-2.1 5.5-.9 0-2.1.7-1.4 1.7-1.4 1.7-1.7-1.2-4.3-1.2c-2.6 0-4.5 1.2-4.5 1.2s-.7-1.5-2.8-2.4c-2.1-.9-4 0-4 0s2.6-5.9-4.7-9c-7.3-3.1-12.6 3.3-12.6 3.3s-.9 0-1.9.2c-.9.2-1.5.9-1.5.9S99.4 3 94.9 3.9c-4.5.9-5.7 5.7-5.7 5.7s-2.8-5-12.3-3.9-11.1 6-11.1 6-1.2-1.4-4-.7c-.8.2-1.3.5-1.8.9-.9-2.1-2.7-4.9-6.2-4.4-3.2.4-4 2.2-4 2.2s-.5-.7-1.2-.7h-1.4s-.5-.9-1.7-1.4-2.4 0-2.4 0-2.4-1.2-4.7 0-3.1 4.1-3.1 4.1-1.7-1.4-3.6-.7c-1.9.7-1.9 2.8-1.9 2.8s-.5-.5-1.7-.2c-1.2.2-1.4.7-1.4.7s-.7-2.3-2.8-2.8c-2.1-.5-4.3.2-4.3.2s-1.7-5-11.1-6c-3.8-.4-6.6.2-8.5 1v21.2h283.5V11.1c-.9.2-1.6.4-1.6.4s-5.2-8-16.1-8z\"\/>\n<\/svg>\n\t\t<\/div>\n\t\t\t\t<div class=\"elementor-element elementor-element-134bf39 elementor-widget__width-initial elementor-widget elementor-widget-heading\" data-id=\"134bf39\" data-element_type=\"widget\" data-e-type=\"widget\" data-widget_type=\"heading.default\">\n\t\t\t\t<div class=\"elementor-widget-container\">\n\t\t\t\t\t<h1 class=\"elementor-heading-title elementor-size-default\">Test 30 days free of charge<\/h1>\t\t\t\t<\/div>\n\t\t\t\t<\/div>\n\t\t\t\t<div class=\"elementor-element elementor-element-5740b1a elementor-widget__width-initial elementor-widget-tablet__width-inherit elementor-widget elementor-widget-heading\" data-id=\"5740b1a\" data-element_type=\"widget\" data-e-type=\"widget\" data-widget_type=\"heading.default\">\n\t\t\t\t<div class=\"elementor-widget-container\">\n\t\t\t\t\t<h2 class=\"elementor-heading-title elementor-size-default\">Your free test with Personalwolke<\/h2>\t\t\t\t<\/div>\n\t\t\t\t<\/div>\n\t\t\t\t<div class=\"elementor-element elementor-element-36826d1 elementor-widget-tablet__width-initial elementor-widget__width-initial elementor-widget elementor-widget-text-editor\" data-id=\"36826d1\" data-element_type=\"widget\" data-e-type=\"widget\" data-widget_type=\"text-editor.default\">\n\t\t\t\t<div class=\"elementor-widget-container\">\n\t\t\t\t\t\t\t\t\t<p>Test the leading modular solution for modern, legally compliant time recording now. #madeinaustria<\/p>\t\t\t\t\t\t\t\t<\/div>\n\t\t\t\t<\/div>\n\t\t\t\t<div class=\"elementor-element elementor-element-dcea911 elementor-widget__width-inherit elementor-widget elementor-widget-text-editor\" data-id=\"dcea911\" data-element_type=\"widget\" data-e-type=\"widget\" data-widget_type=\"text-editor.default\">\n\t\t\t\t<div class=\"elementor-widget-container\">\n\t\t\t\t\t\t\t\t\t<p>All functions | no binding | runs automatically<\/p>\t\t\t\t\t\t\t\t<\/div>\n\t\t\t\t<\/div>\n\t\t\t\t<div class=\"elementor-element elementor-element-d3ab136 elementor-widget__width-initial elementor-widget-tablet__width-initial elementor-widget elementor-widget-html\" data-id=\"d3ab136\" data-element_type=\"widget\" data-e-type=\"widget\" data-widget_type=\"html.default\">\n\t\t\t\t<div class=\"elementor-widget-container\">\n\t\t\t\t\t<!-- Placeholder for the React app -->\r\n<div id=\"root\"><\/div>\r\n\r\n<!-- Load the external CSS -->\r\n<link rel=\"stylesheet\" href=\"https:\/\/personalwolke.at\/webdesk3\/trial\/latest\/main.css\">\r\n\r\n<!-- Load the external JS for the React app -->\r\n<script src=\"https:\/\/personalwolke.at\/webdesk3\/trial\/latest\/main.js\"><\/script>\r\n\t\t\t\t<\/div>\n\t\t\t\t<\/div>\n\t\t\t\t\t<\/div>\n\t\t\t\t<\/div>\n\t\t<div class=\"elementor-element elementor-element-f693692 e-flex e-con-boxed e-con e-parent\" data-id=\"f693692\" data-element_type=\"container\" data-e-type=\"container\" data-settings=\"{&quot;background_background&quot;:&quot;classic&quot;}\">\n\t\t\t\t\t<div class=\"e-con-inner\">\n\t\t\t\t<div class=\"elementor-element elementor-element-57b7e36 elementor-widget-mobile__width-initial ui-e-animation-circular elementor-widget elementor-widget-uicore-logo-carousel\" data-id=\"57b7e36\" data-element_type=\"widget\" data-e-type=\"widget\" data-settings=\"{&quot;autoplay&quot;:&quot;yes&quot;,&quot;grab_cursor&quot;:&quot;true&quot;,&quot;carousel_gap&quot;:{&quot;unit&quot;:&quot;px&quot;,&quot;size&quot;:20,&quot;sizes&quot;:[]},&quot;carousel_gap_tablet&quot;:{&quot;unit&quot;:&quot;px&quot;,&quot;size&quot;:&quot;&quot;,&quot;sizes&quot;:[]},&quot;carousel_gap_mobile&quot;:{&quot;unit&quot;:&quot;px&quot;,&quot;size&quot;:&quot;&quot;,&quot;sizes&quot;:[]},&quot;animation_style&quot;:&quot;circular&quot;,&quot;slides_per_view&quot;:3,&quot;slides_per_view_tablet&quot;:2,&quot;slides_per_view_mobile&quot;:1,&quot;show_hidden&quot;:&quot;hidden&quot;,&quot;autoplay_speed&quot;:5000,&quot;loop&quot;:&quot;true&quot;,&quot;overflow_container&quot;:&quot;container&quot;,&quot;navigation&quot;:&quot;arrows-dots&quot;}\" data-widget_type=\"uicore-logo-carousel.default\">\n\t\t\t\t<div class=\"elementor-widget-container\">\n\t\t\t\t\t        <div class=\"ui-e-carousel swiper\">\n            <div class='swiper-wrapper'>\n                        <div class=\"ui-e-wrp swiper-slide\">\n                            <div class=\"ui-e-item\">\n                            <figure class=\"\">\n            <img decoding=\"async\" width=\"300\" height=\"142\" src=\"https:\/\/personalwolke.at\/wp-content\/uploads\/2024\/08\/3-2-300x142.png\" class=\"attachment-medium size-medium\" alt=\" : \" srcset=\"https:\/\/personalwolke.at\/wp-content\/uploads\/2024\/08\/3-2-300x142.png 300w, https:\/\/personalwolke.at\/wp-content\/uploads\/2024\/08\/3-2.png 600w\" sizes=\"(max-width: 300px) 100vw, 300px\" \/>        <\/figure>\n                    <\/div>\n                        <\/div>\n        <div class=\"ui-e-wrp swiper-slide\">\n                            <div class=\"ui-e-item\">\n                            <figure class=\"\">\n            <img decoding=\"async\" width=\"300\" height=\"142\" src=\"https:\/\/personalwolke.at\/wp-content\/uploads\/2024\/08\/ksb-300x142.png\" class=\"attachment-medium size-medium\" alt=\" : \" srcset=\"https:\/\/personalwolke.at\/wp-content\/uploads\/2024\/08\/ksb-300x142.png 300w, https:\/\/personalwolke.at\/wp-content\/uploads\/2024\/08\/ksb.png 600w\" sizes=\"(max-width: 300px) 100vw, 300px\" \/>        <\/figure>\n                    <\/div>\n                        <\/div>\n        <div class=\"ui-e-wrp swiper-slide\">\n                            <div class=\"ui-e-item\">\n                            <figure class=\"\">\n            <img decoding=\"async\" width=\"300\" height=\"142\" src=\"https:\/\/personalwolke.at\/wp-content\/uploads\/2024\/08\/2-1-300x142.png\" class=\"attachment-medium size-medium\" alt=\" : \" srcset=\"https:\/\/personalwolke.at\/wp-content\/uploads\/2024\/08\/2-1-300x142.png 300w, https:\/\/personalwolke.at\/wp-content\/uploads\/2024\/08\/2-1.png 600w\" sizes=\"(max-width: 300px) 100vw, 300px\" \/>        <\/figure>\n                    <\/div>\n                        <\/div>\n        <div class=\"ui-e-wrp swiper-slide\">\n                            <div class=\"ui-e-item\">\n                            <figure class=\"\">\n            <img loading=\"lazy\" decoding=\"async\" width=\"300\" height=\"142\" src=\"https:\/\/personalwolke.at\/wp-content\/uploads\/2024\/08\/Kyocera-300x142.png\" class=\"attachment-medium size-medium\" alt=\" : \" srcset=\"https:\/\/personalwolke.at\/wp-content\/uploads\/2024\/08\/Kyocera-300x142.png 300w, https:\/\/personalwolke.at\/wp-content\/uploads\/2024\/08\/Kyocera.png 600w\" sizes=\"(max-width: 300px) 100vw, 300px\" \/>        <\/figure>\n                    <\/div>\n                        <\/div>\n            <\/div>\n        <\/div>\n        \t\t\t<div class=\"swiper-pagination ui-e-dots ui-e-carousel-dots\"><\/div>\n\t\t\t\t\t<div class=\"ui-e-button ui-e-carousel-button ui-e-previous\" role=\"button\" aria-label=\"Previous slide\">\n\t\t\t\t<svg aria-hidden=\"true\" class=\"e-font-icon-svg e-fas-arrow-left\" viewbox=\"0 0 448 512\" xmlns=\"http:\/\/www.w3.org\/2000\/svg\"><path d=\"M257.5 445.1l-22.2 22.2c-9.4 9.4-24.6 9.4-33.9 0L7 273c-9.4-9.4-9.4-24.6 0-33.9L201.4 44.7c9.4-9.4 24.6-9.4 33.9 0l22.2 22.2c9.5 9.5 9.3 25-.4 34.3L136.6 216H424c13.3 0 24 10.7 24 24v32c0 13.3-10.7 24-24 24H136.6l120.5 114.8c9.8 9.3 10 24.8.4 34.3z\"><\/path><\/svg>\t\t\t<\/div>\n\t\t\t<div class=\"ui-e-button ui-e-carousel-button ui-e-next\" role=\"button\" aria-label=\"Next slide\">\n\t\t\t\t<svg aria-hidden=\"true\" class=\"e-font-icon-svg e-fas-arrow-right\" viewbox=\"0 0 448 512\" xmlns=\"http:\/\/www.w3.org\/2000\/svg\"><path d=\"M190.5 66.9l22.2-22.2c9.4-9.4 24.6-9.4 33.9 0L441 239c9.4 9.4 9.4 24.6 0 33.9L246.6 467.3c-9.4 9.4-24.6 9.4-33.9 0l-22.2-22.2c-9.5-9.5-9.3-25 .4-34.3L311.4 296H24c-13.3 0-24-10.7-24-24v-32c0-13.3 10.7-24 24-24h287.4L190.9 101.2c-9.8-9.3-10-24.8-.4-34.3z\"><\/path><\/svg>\t\t\t<\/div>\n\t\t\t\t\t\t<\/div>\n\t\t\t\t<\/div>\n\t\t\t\t\t<\/div>\n\t\t\t\t<\/div>\n\t\t\t\t<\/div>","protected":false},"excerpt":{"rendered":"<p>30 Tage kostenlos testen Ihr kostenloser Test mit Personalwolke Testen Sie jetzt die f\u00fchrende modulare L\u00f6sung f\u00fcr moderne, gesetzeskonforme Zeiterfassung. #madeinaustria Alle [&hellip;]<\/p>\n","protected":false},"author":1,"featured_media":25981577,"parent":0,"menu_order":0,"comment_status":"closed","ping_status":"closed","template":"","meta":{"content-type":"","inline_featured_image":false,"footnotes":""},"class_list":["post-52","page","type-page","status-publish","has-post-thumbnail","hentry"],"yoast_head":"<!-- This site is optimized with the Yoast SEO plugin v27.1.1 - https:\/\/yoast.com\/product\/yoast-seo-wordpress\/ -->\n<title>\u1405 Personalwolke kostenlos testen | 30 Tage gratis \u2713<\/title>\n<meta name=\"description\" content=\"\u2713 \u00dcberzeuge Dich selbst \u2013 Personalwolke 30 Tage kostenlos testen: Zeiterfassung, Reisekosten &amp; HR-Software \u27a4 Sofort starten!\" \/>\n<meta name=\"robots\" content=\"index, follow, max-snippet:-1, max-image-preview:large, max-video-preview:-1\" \/>\n<link rel=\"canonical\" href=\"https:\/\/personalwolke.at\/en\/test\/\" \/>\n<meta property=\"og:locale\" content=\"en_US\" \/>\n<meta property=\"og:type\" content=\"article\" \/>\n<meta property=\"og:title\" content=\"\u1405 Personalwolke kostenlos testen | 30 Tage gratis \u2713\" \/>\n<meta property=\"og:description\" content=\"\u2713 \u00dcberzeuge Dich selbst \u2013 Personalwolke 30 Tage kostenlos testen: Zeiterfassung, Reisekosten &amp; HR-Software \u27a4 Sofort starten!\" \/>\n<meta property=\"og:url\" content=\"https:\/\/personalwolke.at\/en\/test\/\" \/>\n<meta property=\"og:site_name\" content=\"Personalwolke\" \/>\n<meta property=\"article:modified_time\" content=\"2025-07-11T14:55:44+00:00\" \/>\n<meta property=\"og:image\" content=\"https:\/\/personalwolke.at\/wp-content\/uploads\/2024\/11\/Mockup_Personalwolke_LPZeiterfassung_mobil-2.png\" \/>\n\t<meta property=\"og:image:width\" content=\"1080\" \/>\n\t<meta property=\"og:image:height\" content=\"1600\" \/>\n\t<meta property=\"og:image:type\" content=\"image\/png\" \/>\n<meta name=\"twitter:card\" content=\"summary_large_image\" \/>\n<meta name=\"twitter:label1\" content=\"Est. reading time\" \/>\n\t<meta name=\"twitter:data1\" content=\"2 minutes\" \/>\n<script type=\"application\/ld+json\" class=\"yoast-schema-graph\">{\"@context\":\"https:\/\/schema.org\",\"@graph\":[{\"@type\":\"WebPage\",\"@id\":\"https:\/\/personalwolke.at\/testen\/\",\"url\":\"https:\/\/personalwolke.at\/testen\/\",\"name\":\"\u1405 Personalwolke kostenlos testen | 30 Tage gratis \u2713\",\"isPartOf\":{\"@id\":\"https:\/\/personalwolke.at\/#website\"},\"primaryImageOfPage\":{\"@id\":\"https:\/\/personalwolke.at\/testen\/#primaryimage\"},\"image\":{\"@id\":\"https:\/\/personalwolke.at\/testen\/#primaryimage\"},\"thumbnailUrl\":\"https:\/\/personalwolke.at\/wp-content\/uploads\/2024\/11\/Mockup_Personalwolke_LPZeiterfassung_mobil-2.png\",\"datePublished\":\"2023-05-30T12:34:08+00:00\",\"dateModified\":\"2025-07-11T14:55:44+00:00\",\"description\":\"\u2713 \u00dcberzeuge Dich selbst \u2013 Personalwolke 30 Tage kostenlos testen: Zeiterfassung, Reisekosten & HR-Software \u27a4 Sofort starten!\",\"breadcrumb\":{\"@id\":\"https:\/\/personalwolke.at\/testen\/#breadcrumb\"},\"inLanguage\":\"en-US\",\"potentialAction\":[{\"@type\":\"ReadAction\",\"target\":[\"https:\/\/personalwolke.at\/testen\/\"]}]},{\"@type\":\"ImageObject\",\"inLanguage\":\"en-US\",\"@id\":\"https:\/\/personalwolke.at\/testen\/#primaryimage\",\"url\":\"https:\/\/personalwolke.at\/wp-content\/uploads\/2024\/11\/Mockup_Personalwolke_LPZeiterfassung_mobil-2.png\",\"contentUrl\":\"https:\/\/personalwolke.at\/wp-content\/uploads\/2024\/11\/Mockup_Personalwolke_LPZeiterfassung_mobil-2.png\",\"width\":1080,\"height\":1600,\"caption\":\"Jetzt Personalwolke 30 Tage lang kostenlos testen\"},{\"@type\":\"BreadcrumbList\",\"@id\":\"https:\/\/personalwolke.at\/testen\/#breadcrumb\",\"itemListElement\":[{\"@type\":\"ListItem\",\"position\":1,\"name\":\"Startseite\",\"item\":\"https:\/\/personalwolke.at\/\"},{\"@type\":\"ListItem\",\"position\":2,\"name\":\"30 Tage testen\"}]},{\"@type\":\"WebSite\",\"@id\":\"https:\/\/personalwolke.at\/#website\",\"url\":\"https:\/\/personalwolke.at\/\",\"name\":\"Personalwolke\",\"description\":\"\",\"potentialAction\":[{\"@type\":\"SearchAction\",\"target\":{\"@type\":\"EntryPoint\",\"urlTemplate\":\"https:\/\/personalwolke.at\/?s={search_term_string}\"},\"query-input\":{\"@type\":\"PropertyValueSpecification\",\"valueRequired\":true,\"valueName\":\"search_term_string\"}}],\"inLanguage\":\"en-US\"}]}<\/script>\n<!-- \/ Yoast SEO plugin. -->","yoast_head_json":{"title":"\u1405 Test Personalwolke free of charge | 30 days free of charge \u2713","description":"\u2713 Convince yourself - test Personalwolke 30 days for free: Time recording, travel expenses &amp; HR software \u27a4 Start right away!","robots":{"index":"index","follow":"follow","max-snippet":"max-snippet:-1","max-image-preview":"max-image-preview:large","max-video-preview":"max-video-preview:-1"},"canonical":"https:\/\/personalwolke.at\/en\/test\/","og_locale":"en_US","og_type":"article","og_title":"\u1405 Personalwolke kostenlos testen | 30 Tage gratis \u2713","og_description":"\u2713 \u00dcberzeuge Dich selbst \u2013 Personalwolke 30 Tage kostenlos testen: Zeiterfassung, Reisekosten & HR-Software \u27a4 Sofort starten!","og_url":"https:\/\/personalwolke.at\/en\/test\/","og_site_name":"Personalwolke","article_modified_time":"2025-07-11T14:55:44+00:00","og_image":[{"width":1080,"height":1600,"url":"https:\/\/personalwolke.at\/wp-content\/uploads\/2024\/11\/Mockup_Personalwolke_LPZeiterfassung_mobil-2.png","type":"image\/png"}],"twitter_card":"summary_large_image","twitter_misc":{"Est. reading time":"2 minutes"},"schema":{"@context":"https:\/\/schema.org","@graph":[{"@type":"WebPage","@id":"https:\/\/personalwolke.at\/testen\/","url":"https:\/\/personalwolke.at\/testen\/","name":"\u1405 Test Personalwolke free of charge | 30 days free of charge \u2713","isPartOf":{"@id":"https:\/\/personalwolke.at\/#website"},"primaryImageOfPage":{"@id":"https:\/\/personalwolke.at\/testen\/#primaryimage"},"image":{"@id":"https:\/\/personalwolke.at\/testen\/#primaryimage"},"thumbnailUrl":"https:\/\/personalwolke.at\/wp-content\/uploads\/2024\/11\/Mockup_Personalwolke_LPZeiterfassung_mobil-2.png","datePublished":"2023-05-30T12:34:08+00:00","dateModified":"2025-07-11T14:55:44+00:00","description":"\u2713 Convince yourself - test Personalwolke 30 days for free: Time recording, travel expenses &amp; HR software \u27a4 Start right away!","breadcrumb":{"@id":"https:\/\/personalwolke.at\/testen\/#breadcrumb"},"inLanguage":"en-US","potentialAction":[{"@type":"ReadAction","target":["https:\/\/personalwolke.at\/testen\/"]}]},{"@type":"ImageObject","inLanguage":"en-US","@id":"https:\/\/personalwolke.at\/testen\/#primaryimage","url":"https:\/\/personalwolke.at\/wp-content\/uploads\/2024\/11\/Mockup_Personalwolke_LPZeiterfassung_mobil-2.png","contentUrl":"https:\/\/personalwolke.at\/wp-content\/uploads\/2024\/11\/Mockup_Personalwolke_LPZeiterfassung_mobil-2.png","width":1080,"height":1600,"caption":"Jetzt Personalwolke 30 Tage lang kostenlos testen"},{"@type":"BreadcrumbList","@id":"https:\/\/personalwolke.at\/testen\/#breadcrumb","itemListElement":[{"@type":"ListItem","position":1,"name":"Startseite","item":"https:\/\/personalwolke.at\/"},{"@type":"ListItem","position":2,"name":"30 Tage testen"}]},{"@type":"WebSite","@id":"https:\/\/personalwolke.at\/#website","url":"https:\/\/personalwolke.at\/","name":"Personalwolke","description":"","potentialAction":[{"@type":"SearchAction","target":{"@type":"EntryPoint","urlTemplate":"https:\/\/personalwolke.at\/?s={search_term_string}"},"query-input":{"@type":"PropertyValueSpecification","valueRequired":true,"valueName":"search_term_string"}}],"inLanguage":"en-US"}]}},"_links":{"self":[{"href":"https:\/\/personalwolke.at\/en\/wp-json\/wp\/v2\/pages\/52","targetHints":{"allow":["GET"]}}],"collection":[{"href":"https:\/\/personalwolke.at\/en\/wp-json\/wp\/v2\/pages"}],"about":[{"href":"https:\/\/personalwolke.at\/en\/wp-json\/wp\/v2\/types\/page"}],"author":[{"embeddable":true,"href":"https:\/\/personalwolke.at\/en\/wp-json\/wp\/v2\/users\/1"}],"replies":[{"embeddable":true,"href":"https:\/\/personalwolke.at\/en\/wp-json\/wp\/v2\/comments?post=52"}],"version-history":[{"count":125,"href":"https:\/\/personalwolke.at\/en\/wp-json\/wp\/v2\/pages\/52\/revisions"}],"predecessor-version":[{"id":25985108,"href":"https:\/\/personalwolke.at\/en\/wp-json\/wp\/v2\/pages\/52\/revisions\/25985108"}],"wp:featuredmedia":[{"embeddable":true,"href":"https:\/\/personalwolke.at\/en\/wp-json\/wp\/v2\/media\/25981577"}],"wp:attachment":[{"href":"https:\/\/personalwolke.at\/en\/wp-json\/wp\/v2\/media?parent=52"}],"curies":[{"name":"wp","href":"https:\/\/api.w.org\/{rel}","templated":true}]}}